{"id":447,"date":"2025-03-31T21:42:38","date_gmt":"2025-04-01T01:42:38","guid":{"rendered":"https:\/\/chocoana.com\/producto\/alfajores-cubiertos-de-chocolate\/"},"modified":"2025-12-23T12:32:46","modified_gmt":"2025-12-23T16:32:46","slug":"alfajores-cubiertos-de-chocolate","status":"publish","type":"product","link":"https:\/\/chocoana.com\/es\/producto\/alfajores-cubiertos-de-chocolate\/","title":{"rendered":"Alfajores con cobertura de Chocolate"},"content":{"rendered":"<h4>Los alfajores se consumen principalmente en Argentina, Uruguay y Per\u00fa; cada pa\u00eds tiene diferentes variedades de este delicioso dulce. La variedad peruana, aunque es una de las m\u00e1s simples, es, en nuestra opini\u00f3n, la versi\u00f3n cl\u00e1sica y una de las m\u00e1s deliciosas gracias a la calidad de los ingredientes del pa\u00eds.<\/h4>\n<hr class=\"no_line\" style=\"margin: 0 auto 15px auto\"\/>\n\n<p>Nuestros productos son deliciosos, variados en sabor y de buen tama\u00f1o, con ingredientes de calidad premium. En ChocoAna valoramos a nuestros clientes y elaboramos nuestros productos para ellos, como si fueran parte de nuestra familia.<\/p>\n<ul>\n<li>Adem\u00e1s del dulce de leche, una crema caramelizada a base de leche, lo que define a los alfajores es la maicena.<\/li>\n<li>Los alfajores son una buena fuente de energ\u00eda y ayudan a equilibrar el metabolismo y la ansiedad durante el resto del d\u00eda.<\/li>\n<li>Se derriten en la boca y son ideales para acompa\u00f1ar con una taza de caf\u00e9, t\u00e9 o mate.<\/li>\n<li>Se pueden encontrar en diferentes versiones.<\/li>\n<\/ul>\n","protected":false},"excerpt":{"rendered":"<p>Los alfajores se consumen principalmente en Argentina, Uruguay y Per\u00fa; cada pa\u00eds tiene diferentes variedades de este delicioso dulce. La variedad peruana, aunque es una de las m\u00e1s simples, es, en nuestra opini\u00f3n, la versi\u00f3n cl\u00e1sica y una de las m\u00e1s deliciosas gracias a la calidad de los ingredientes del pa\u00eds.<\/p>\n","protected":false},"featured_media":0,"template":"","meta":[],"product_brand":[],"product_cat":[16],"product_tag":[46,47,37,48,38],"class_list":{"0":"post-447","1":"product","2":"type-product","3":"status-publish","5":"product_cat-alfajores","6":"product_tag-alfajores","7":"product_tag-caramel-sauce","8":"product_tag-chocolate","9":"product_tag-cornstarch","10":"product_tag-peruvian-dessert","12":"first","13":"instock","14":"shipping-taxable","15":"product-type-simple"},"_links":{"self":[{"href":"https:\/\/chocoana.com\/es\/wp-json\/wp\/v2\/product\/447","targetHints":{"allow":["GET"]}}],"collection":[{"href":"https:\/\/chocoana.com\/es\/wp-json\/wp\/v2\/product"}],"about":[{"href":"https:\/\/chocoana.com\/es\/wp-json\/wp\/v2\/types\/product"}],"wp:attachment":[{"href":"https:\/\/chocoana.com\/es\/wp-json\/wp\/v2\/media?parent=447"}],"wp:term":[{"taxonomy":"product_brand","embeddable":true,"href":"https:\/\/chocoana.com\/es\/wp-json\/wp\/v2\/product_brand?post=447"},{"taxonomy":"product_cat","embeddable":true,"href":"https:\/\/chocoana.com\/es\/wp-json\/wp\/v2\/product_cat?post=447"},{"taxonomy":"product_tag","embeddable":true,"href":"https:\/\/chocoana.com\/es\/wp-json\/wp\/v2\/product_tag?post=447"}],"curies":[{"name":"wp","href":"https:\/\/api.w.org\/{rel}","templated":true}]}}